{"id":3315,"date":"2023-08-07T21:38:59","date_gmt":"2023-08-07T21:38:59","guid":{"rendered":"https:\/\/www.quinchobarrilete.org.ni\/?page_id=3315"},"modified":"2023-08-08T20:28:05","modified_gmt":"2023-08-08T20:28:05","slug":"galeria_imagenes","status":"publish","type":"page","link":"https:\/\/www.quinchobarrilete.org.ni\/es\/galeria_imagenes\/","title":{"rendered":"Galeria_Imagenes"},"content":{"rendered":"\t\t<div data-elementor-type=\"wp-page\" data-elementor-id=\"3315\" class=\"elementor elementor-3315\" data-elementor-post-type=\"page\">\n\t\t\t\t\t\t<section class=\"elementor-section elementor-top-section elementor-element elementor-element-b2d36df elementor-section-boxed elementor-section-height-default elementor-section-height-default\" data-id=\"b2d36df\" data-element_type=\"section\" data-e-type=\"section\">\n\t\t\t\t\t\t<div class=\"elementor-container elementor-column-gap-default\">\n\t\t\t\t\t<div class=\"elementor-column elementor-col-100 elementor-top-column elementor-element elementor-element-7156725\" data-id=\"7156725\" data-element_type=\"column\" data-e-type=\"column\">\n\t\t\t<div class=\"elementor-widget-wrap elementor-element-populated\">\n\t\t\t\t\t\t<div class=\"elementor-element elementor-element-daa0937 elementor-widget elementor-widget-heading\" data-id=\"daa0937\" data-element_type=\"widget\" data-e-type=\"widget\" data-widget_type=\"heading.default\">\n\t\t\t\t<div class=\"elementor-widget-container\">\n\t\t\t\t\t<h3 class=\"elementor-heading-title elementor-size-default\"><a href=\"https:\/\/www.quinchobarrilete.org.ni\/es\/galeria_imagenes\/\">ARCHIVO DE  DE IMAGENES<\/a><\/h3>\t\t\t\t<\/div>\n\t\t\t\t<\/div>\n\t\t\t\t\t<\/div>\n\t\t<\/div>\n\t\t\t\t\t<\/div>\n\t\t<\/section>\n\t\t\t\t<section class=\"elementor-section elementor-top-section elementor-element elementor-element-680752a elementor-section-boxed elementor-section-height-default elementor-section-height-default\" data-id=\"680752a\" data-element_type=\"section\" data-e-type=\"section\">\n\t\t\t\t\t\t<div class=\"elementor-container elementor-column-gap-default\">\n\t\t\t\t\t<div class=\"elementor-column elementor-col-100 elementor-top-column elementor-element elementor-element-44232e4\" data-id=\"44232e4\" data-element_type=\"column\" data-e-type=\"column\">\n\t\t\t<div class=\"elementor-widget-wrap\">\n\t\t\t\t\t\t\t<\/div>\n\t\t<\/div>\n\t\t\t\t\t<\/div>\n\t\t<\/section>\n\t\t\t\t<\/div>\n\t\t","protected":false},"excerpt":{"rendered":"<p>ARCHIVO DE DE IMAGENES Todo Atenci\u00f3n Integral Fecha &nbsp;&nbsp;Back Enero 2021 Febrero 2021 Junio 2021 Febrero 2022 Marzo 2022 Abril 2022 Mayo 2022 Junio 2022 Julio 2022 Septiembre 2022 Diciembre 2022 Enero 2023 Marzo 2023 Junio 2023 Julio 2023 Agosto 2023 Primera P\u00e1ginaP\u00e1gina Anterior1234Siguiente P\u00e1ginaUltima P\u00e1gina<\/p>\n","protected":false},"author":1,"featured_media":0,"parent":0,"menu_order":0,"comment_status":"closed","ping_status":"closed","template":"elementor_canvas","meta":{"footnotes":""},"class_list":["post-3315","page","type-page","status-publish","hentry"],"yoast_head":"<!-- This site is optimized with the Yoast SEO plugin v27.1.1 - https:\/\/yoast.com\/product\/yoast-seo-wordpress\/ -->\n<title>Galeria_Imagenes - Asociaci\u00f3n Quincho Barrilete<\/title>\n<meta name=\"robots\" content=\"index, follow, max-snippet:-1, max-image-preview:large, max-video-preview:-1\" \/>\n<link rel=\"canonical\" href=\"https:\/\/www.quinchobarrilete.org.ni\/es\/galeria_imagenes\/\" \/>\n<meta property=\"og:locale\" content=\"es_ES\" \/>\n<meta property=\"og:type\" content=\"article\" \/>\n<meta property=\"og:title\" content=\"Galeria_Imagenes - Asociaci\u00f3n Quincho Barrilete\" \/>\n<meta property=\"og:description\" content=\"ARCHIVO DE DE IMAGENES Todo Atenci\u00f3n Integral Fecha &nbsp;&nbsp;Back Enero 2021 Febrero 2021 Junio 2021 Febrero 2022 Marzo 2022 Abril 2022 Mayo 2022 Junio 2022 Julio 2022 Septiembre 2022 Diciembre 2022 Enero 2023 Marzo 2023 Junio 2023 Julio 2023 Agosto 2023 Primera P\u00e1ginaP\u00e1gina Anterior1234Siguiente P\u00e1ginaUltima P\u00e1gina\" \/>\n<meta property=\"og:url\" content=\"https:\/\/www.quinchobarrilete.org.ni\/es\/galeria_imagenes\/\" \/>\n<meta property=\"og:site_name\" content=\"Asociaci\u00f3n Quincho Barrilete\" \/>\n<meta property=\"article:publisher\" content=\"https:\/\/www.facebook.com\/asociacionquinchobarrileteorg\/\" \/>\n<meta property=\"article:modified_time\" content=\"2023-08-08T20:28:05+00:00\" \/>\n<meta property=\"og:image\" content=\"http:\/\/www.quinchobarrilete.org.ni\/wp-content\/uploads\/2021\/01\/atencin_comunitaria_1_20120831_1658913287.jpg\" \/>\n<meta name=\"twitter:card\" content=\"summary_large_image\" \/>\n<meta name=\"twitter:site\" content=\"@aqbarrilete\" \/>\n<script type=\"application\/ld+json\" class=\"yoast-schema-graph\">{\"@context\":\"https:\/\/schema.org\",\"@graph\":[{\"@type\":\"WebPage\",\"@id\":\"https:\/\/www.quinchobarrilete.org.ni\/es\/galeria_imagenes\/\",\"url\":\"https:\/\/www.quinchobarrilete.org.ni\/es\/galeria_imagenes\/\",\"name\":\"Galeria_Imagenes - Asociaci\u00f3n Quincho Barrilete\",\"isPartOf\":{\"@id\":\"https:\/\/www.quinchobarrilete.org.ni\/es\/#website\"},\"primaryImageOfPage\":{\"@id\":\"https:\/\/www.quinchobarrilete.org.ni\/es\/galeria_imagenes\/#primaryimage\"},\"image\":{\"@id\":\"https:\/\/www.quinchobarrilete.org.ni\/es\/galeria_imagenes\/#primaryimage\"},\"thumbnailUrl\":\"http:\/\/www.quinchobarrilete.org.ni\/wp-content\/uploads\/2021\/01\/atencin_comunitaria_1_20120831_1658913287.jpg\",\"datePublished\":\"2023-08-07T21:38:59+00:00\",\"dateModified\":\"2023-08-08T20:28:05+00:00\",\"breadcrumb\":{\"@id\":\"https:\/\/www.quinchobarrilete.org.ni\/es\/galeria_imagenes\/#breadcrumb\"},\"inLanguage\":\"es\",\"potentialAction\":[{\"@type\":\"ReadAction\",\"target\":[\"https:\/\/www.quinchobarrilete.org.ni\/es\/galeria_imagenes\/\"]}]},{\"@type\":\"ImageObject\",\"inLanguage\":\"es\",\"@id\":\"https:\/\/www.quinchobarrilete.org.ni\/es\/galeria_imagenes\/#primaryimage\",\"url\":\"http:\/\/www.quinchobarrilete.org.ni\/wp-content\/uploads\/2021\/01\/atencin_comunitaria_1_20120831_1658913287.jpg\",\"contentUrl\":\"http:\/\/www.quinchobarrilete.org.ni\/wp-content\/uploads\/2021\/01\/atencin_comunitaria_1_20120831_1658913287.jpg\"},{\"@type\":\"BreadcrumbList\",\"@id\":\"https:\/\/www.quinchobarrilete.org.ni\/es\/galeria_imagenes\/#breadcrumb\",\"itemListElement\":[{\"@type\":\"ListItem\",\"position\":1,\"name\":\"Portada\",\"item\":\"https:\/\/www.quinchobarrilete.org.ni\/\"},{\"@type\":\"ListItem\",\"position\":2,\"name\":\"Galeria_Imagenes\"}]},{\"@type\":\"WebSite\",\"@id\":\"https:\/\/www.quinchobarrilete.org.ni\/es\/#website\",\"url\":\"https:\/\/www.quinchobarrilete.org.ni\/es\/\",\"name\":\"Asociaci\u00f3n Quincho Barrilete\",\"description\":\"Una Organizaci\u00f3n no gubernamental sin fines de lucro\",\"publisher\":{\"@id\":\"https:\/\/www.quinchobarrilete.org.ni\/es\/#organization\"},\"alternateName\":\"Quincho\",\"potentialAction\":[{\"@type\":\"SearchAction\",\"target\":{\"@type\":\"EntryPoint\",\"urlTemplate\":\"https:\/\/www.quinchobarrilete.org.ni\/es\/?s={search_term_string}\"},\"query-input\":{\"@type\":\"PropertyValueSpecification\",\"valueRequired\":true,\"valueName\":\"search_term_string\"}}],\"inLanguage\":\"es\"},{\"@type\":\"Organization\",\"@id\":\"https:\/\/www.quinchobarrilete.org.ni\/es\/#organization\",\"name\":\"Asociaci\u00f3n Quincho Barrilete\",\"url\":\"https:\/\/www.quinchobarrilete.org.ni\/es\/\",\"logo\":{\"@type\":\"ImageObject\",\"inLanguage\":\"es\",\"@id\":\"https:\/\/www.quinchobarrilete.org.ni\/es\/#\/schema\/logo\/image\/\",\"url\":\"https:\/\/www.quinchobarrilete.org.ni\/wp-content\/uploads\/2025\/01\/logo-2025-33anos-2-removebg-preview.png\",\"contentUrl\":\"https:\/\/www.quinchobarrilete.org.ni\/wp-content\/uploads\/2025\/01\/logo-2025-33anos-2-removebg-preview.png\",\"width\":500,\"height\":500,\"caption\":\"Asociaci\u00f3n Quincho Barrilete\"},\"image\":{\"@id\":\"https:\/\/www.quinchobarrilete.org.ni\/es\/#\/schema\/logo\/image\/\"},\"sameAs\":[\"https:\/\/www.facebook.com\/asociacionquinchobarrileteorg\/\",\"https:\/\/x.com\/aqbarrilete\"]}]}<\/script>\n<!-- \/ Yoast SEO plugin. -->","yoast_head_json":{"title":"Galeria_Imagenes - Asociaci\u00f3n Quincho Barrilete","robots":{"index":"index","follow":"follow","max-snippet":"max-snippet:-1","max-image-preview":"max-image-preview:large","max-video-preview":"max-video-preview:-1"},"canonical":"https:\/\/www.quinchobarrilete.org.ni\/es\/galeria_imagenes\/","og_locale":"es_ES","og_type":"article","og_title":"Galeria_Imagenes - Asociaci\u00f3n Quincho Barrilete","og_description":"ARCHIVO DE DE IMAGENES Todo Atenci\u00f3n Integral Fecha &nbsp;&nbsp;Back Enero 2021 Febrero 2021 Junio 2021 Febrero 2022 Marzo 2022 Abril 2022 Mayo 2022 Junio 2022 Julio 2022 Septiembre 2022 Diciembre 2022 Enero 2023 Marzo 2023 Junio 2023 Julio 2023 Agosto 2023 Primera P\u00e1ginaP\u00e1gina Anterior1234Siguiente P\u00e1ginaUltima P\u00e1gina","og_url":"https:\/\/www.quinchobarrilete.org.ni\/es\/galeria_imagenes\/","og_site_name":"Asociaci\u00f3n Quincho Barrilete","article_publisher":"https:\/\/www.facebook.com\/asociacionquinchobarrileteorg\/","article_modified_time":"2023-08-08T20:28:05+00:00","og_image":[{"url":"http:\/\/www.quinchobarrilete.org.ni\/wp-content\/uploads\/2021\/01\/atencin_comunitaria_1_20120831_1658913287.jpg","type":"","width":"","height":""}],"twitter_card":"summary_large_image","twitter_site":"@aqbarrilete","schema":{"@context":"https:\/\/schema.org","@graph":[{"@type":"WebPage","@id":"https:\/\/www.quinchobarrilete.org.ni\/es\/galeria_imagenes\/","url":"https:\/\/www.quinchobarrilete.org.ni\/es\/galeria_imagenes\/","name":"Galeria_Imagenes - Asociaci\u00f3n Quincho Barrilete","isPartOf":{"@id":"https:\/\/www.quinchobarrilete.org.ni\/es\/#website"},"primaryImageOfPage":{"@id":"https:\/\/www.quinchobarrilete.org.ni\/es\/galeria_imagenes\/#primaryimage"},"image":{"@id":"https:\/\/www.quinchobarrilete.org.ni\/es\/galeria_imagenes\/#primaryimage"},"thumbnailUrl":"http:\/\/www.quinchobarrilete.org.ni\/wp-content\/uploads\/2021\/01\/atencin_comunitaria_1_20120831_1658913287.jpg","datePublished":"2023-08-07T21:38:59+00:00","dateModified":"2023-08-08T20:28:05+00:00","breadcrumb":{"@id":"https:\/\/www.quinchobarrilete.org.ni\/es\/galeria_imagenes\/#breadcrumb"},"inLanguage":"es","potentialAction":[{"@type":"ReadAction","target":["https:\/\/www.quinchobarrilete.org.ni\/es\/galeria_imagenes\/"]}]},{"@type":"ImageObject","inLanguage":"es","@id":"https:\/\/www.quinchobarrilete.org.ni\/es\/galeria_imagenes\/#primaryimage","url":"http:\/\/www.quinchobarrilete.org.ni\/wp-content\/uploads\/2021\/01\/atencin_comunitaria_1_20120831_1658913287.jpg","contentUrl":"http:\/\/www.quinchobarrilete.org.ni\/wp-content\/uploads\/2021\/01\/atencin_comunitaria_1_20120831_1658913287.jpg"},{"@type":"BreadcrumbList","@id":"https:\/\/www.quinchobarrilete.org.ni\/es\/galeria_imagenes\/#breadcrumb","itemListElement":[{"@type":"ListItem","position":1,"name":"Portada","item":"https:\/\/www.quinchobarrilete.org.ni\/"},{"@type":"ListItem","position":2,"name":"Galeria_Imagenes"}]},{"@type":"WebSite","@id":"https:\/\/www.quinchobarrilete.org.ni\/es\/#website","url":"https:\/\/www.quinchobarrilete.org.ni\/es\/","name":"Asociaci\u00f3n Quincho Barrilete","description":"Una Organizaci\u00f3n no gubernamental sin fines de lucro","publisher":{"@id":"https:\/\/www.quinchobarrilete.org.ni\/es\/#organization"},"alternateName":"Quincho","potentialAction":[{"@type":"SearchAction","target":{"@type":"EntryPoint","urlTemplate":"https:\/\/www.quinchobarrilete.org.ni\/es\/?s={search_term_string}"},"query-input":{"@type":"PropertyValueSpecification","valueRequired":true,"valueName":"search_term_string"}}],"inLanguage":"es"},{"@type":"Organization","@id":"https:\/\/www.quinchobarrilete.org.ni\/es\/#organization","name":"Asociaci\u00f3n Quincho Barrilete","url":"https:\/\/www.quinchobarrilete.org.ni\/es\/","logo":{"@type":"ImageObject","inLanguage":"es","@id":"https:\/\/www.quinchobarrilete.org.ni\/es\/#\/schema\/logo\/image\/","url":"https:\/\/www.quinchobarrilete.org.ni\/wp-content\/uploads\/2025\/01\/logo-2025-33anos-2-removebg-preview.png","contentUrl":"https:\/\/www.quinchobarrilete.org.ni\/wp-content\/uploads\/2025\/01\/logo-2025-33anos-2-removebg-preview.png","width":500,"height":500,"caption":"Asociaci\u00f3n Quincho Barrilete"},"image":{"@id":"https:\/\/www.quinchobarrilete.org.ni\/es\/#\/schema\/logo\/image\/"},"sameAs":["https:\/\/www.facebook.com\/asociacionquinchobarrileteorg\/","https:\/\/x.com\/aqbarrilete"]}]}},"_links":{"self":[{"href":"https:\/\/www.quinchobarrilete.org.ni\/es\/wp-json\/wp\/v2\/pages\/3315","targetHints":{"allow":["GET"]}}],"collection":[{"href":"https:\/\/www.quinchobarrilete.org.ni\/es\/wp-json\/wp\/v2\/pages"}],"about":[{"href":"https:\/\/www.quinchobarrilete.org.ni\/es\/wp-json\/wp\/v2\/types\/page"}],"author":[{"embeddable":true,"href":"https:\/\/www.quinchobarrilete.org.ni\/es\/wp-json\/wp\/v2\/users\/1"}],"replies":[{"embeddable":true,"href":"https:\/\/www.quinchobarrilete.org.ni\/es\/wp-json\/wp\/v2\/comments?post=3315"}],"version-history":[{"count":0,"href":"https:\/\/www.quinchobarrilete.org.ni\/es\/wp-json\/wp\/v2\/pages\/3315\/revisions"}],"wp:attachment":[{"href":"https:\/\/www.quinchobarrilete.org.ni\/es\/wp-json\/wp\/v2\/media?parent=3315"}],"curies":[{"name":"wp","href":"https:\/\/api.w.org\/{rel}","templated":true}]}}